{"id":2328,"date":"2015-02-05T10:21:41","date_gmt":"2015-02-05T14:21:41","guid":{"rendered":"https:\/\/www.apconcrete.com\/NewSite\/who-we-are\/"},"modified":"2022-07-25T14:04:39","modified_gmt":"2022-07-25T17:04:39","slug":"qui-nous-sommes","status":"publish","type":"page","link":"https:\/\/www.apconcrete.com\/fr\/qui-nous-sommes\/","title":{"rendered":"Qui nous sommes"},"content":{"rendered":"\t\t<div data-elementor-type=\"wp-page\" data-elementor-id=\"2328\" class=\"elementor elementor-2328 elementor-21\">\n\t\t\t\t\t\t<section class=\"elementor-section elementor-top-section elementor-element elementor-element-1e226e3 elementor-section-boxed elementor-section-height-default elementor-section-height-default\" data-id=\"1e226e3\" data-element_type=\"section\">\n\t\t\t\t\t\t<div class=\"elementor-container elementor-column-gap-wide\">\n\t\t\t\t\t<div class=\"elementor-column elementor-col-50 elementor-top-column elementor-element elementor-element-1e6bd3e\" data-id=\"1e6bd3e\" data-element_type=\"column\">\n\t\t\t<div class=\"elementor-widget-wrap elementor-element-populated\">\n\t\t\t\t\t\t<div class=\"elementor-element elementor-element-fa65c0b elementor-widget elementor-widget-wpc-featured-box\" data-id=\"fa65c0b\" data-element_type=\"widget\" data-widget_type=\"wpc-featured-box.default\">\n\t\t\t\t<div class=\"elementor-widget-container\">\n\t\t\t\t\t<div class=\"wpb_content_element featured-box\" >\n\t\t\t\t<div class=\"featured-box-thumb\"><a title=\"\" target=\"\" href=\"\"><img decoding=\"async\" src=\"https:\/\/www.apconcrete.com\/NewSite\/wp-content\/uploads\/2022\/06\/IMG_4091-600x300.jpg\"><\/a><\/div>\n\t\t\t<div class=\"featured-box-content\">\n\t\t\t<\/div><\/div>\t\t\t\t<\/div>\n\t\t\t\t<\/div>\n\t\t\t\t<div class=\"elementor-element elementor-element-6835e41 elementor-widget elementor-widget-wpc-custom-heading\" data-id=\"6835e41\" data-element_type=\"widget\" data-widget_type=\"wpc-custom-heading.default\">\n\t\t\t\t<div class=\"elementor-widget-container\">\n\t\t\t\t\t\n        <div class=\"custom-heading wpb_content_element  heading-medium\">\n            <h2 class=\"heading-title\" >A & P CONCRETE PRODUCTS<\/h2>\n            <span class=\"heading-line primary\"><\/span>\n        <\/div>\t\t\t\t<\/div>\n\t\t\t\t<\/div>\n\t\t\t\t<div class=\"elementor-element elementor-element-0c9f254 elementor-widget elementor-widget-text-editor\" data-id=\"0c9f254\" data-element_type=\"widget\" data-widget_type=\"text-editor.default\">\n\t\t\t\t<div class=\"elementor-widget-container\">\n\t\t\t\t\t\t\t\t\t<p class=\"tw-data-text tw-text-large tw-ta\" dir=\"ltr\" data-placeholder=\"Translation\"><span class=\"Y2IQFc\" lang=\"fr\">Depuis 1975, A&amp;P Concrete Products Ltd fabrique une vari\u00e9t\u00e9 de produits en b\u00e9ton pour des applications r\u00e9sidentielles et commerciales. <\/span><span class=\"Y2IQFc\" lang=\"fr\">Nos produits comprennent des patios en b\u00e9ton, des terrasses, des paliers et des rampes d&#8217;acc\u00e8s sans obstacle. Nous proposons \u00e9galement du b\u00e9ton color\u00e9<\/span>.<\/p><p id=\"tw-target-text\" class=\"tw-data-text tw-text-large tw-ta\" dir=\"ltr\" data-placeholder=\"Translation\"><span class=\"Y2IQFc\" lang=\"fr\">\u00a0<\/span><\/p>\t\t\t\t\t\t\t\t<\/div>\n\t\t\t\t<\/div>\n\t\t\t\t\t<\/div>\n\t\t<\/div>\n\t\t\t\t<div class=\"elementor-column elementor-col-50 elementor-top-column elementor-element elementor-element-ba65417\" data-id=\"ba65417\" data-element_type=\"column\">\n\t\t\t<div class=\"elementor-widget-wrap elementor-element-populated\">\n\t\t\t\t\t\t<div class=\"elementor-element elementor-element-569c6f4 elementor-widget elementor-widget-image\" data-id=\"569c6f4\" data-element_type=\"widget\" data-widget_type=\"image.default\">\n\t\t\t\t<div class=\"elementor-widget-container\">\n\t\t\t\t\t\t\t\t\t\t\t\t\t\t\t<img fetchpriority=\"high\" decoding=\"async\" width=\"800\" height=\"400\" src=\"https:\/\/www.apconcrete.com\/NewSite\/wp-content\/uploads\/2022\/06\/08-800x400.jpg\" class=\"attachment-blog-large size-blog-large wp-image-1765\" alt=\"\" srcset=\"https:\/\/www.apconcrete.com\/NewSite\/wp-content\/uploads\/2022\/06\/08-800x400.jpg 800w, https:\/\/www.apconcrete.com\/NewSite\/wp-content\/uploads\/2022\/06\/08-400x200.jpg 400w, https:\/\/www.apconcrete.com\/NewSite\/wp-content\/uploads\/2022\/06\/08-600x300.jpg 600w\" sizes=\"(max-width: 800px) 100vw, 800px\" \/>\t\t\t\t\t\t\t\t\t\t\t\t\t\t\t<\/div>\n\t\t\t\t<\/div>\n\t\t\t\t<div class=\"elementor-element elementor-element-c7ba372 elementor-widget elementor-widget-wpc-custom-heading\" data-id=\"c7ba372\" data-element_type=\"widget\" data-widget_type=\"wpc-custom-heading.default\">\n\t\t\t\t<div class=\"elementor-widget-container\">\n\t\t\t\t\t\n        <div class=\"custom-heading wpb_content_element  heading-medium\">\n            <h2 class=\"heading-title\" >CE QUE NOUS FAISONS<\/h2>\n            <span class=\"heading-line primary\"><\/span>\n        <\/div>\t\t\t\t<\/div>\n\t\t\t\t<\/div>\n\t\t\t\t<div class=\"elementor-element elementor-element-e288fa1 elementor-widget elementor-widget-text-editor\" data-id=\"e288fa1\" data-element_type=\"widget\" data-widget_type=\"text-editor.default\">\n\t\t\t\t<div class=\"elementor-widget-container\">\n\t\t\t\t\t\t\t\t\t<p id=\"tw-target-text\" class=\"tw-data-text tw-text-large tw-ta\" dir=\"ltr\" data-placeholder=\"Translation\"><span class=\"Y2IQFc\" lang=\"fr\">Sp\u00e9cialis\u00e9 dans les produits de b\u00e9ton pr\u00e9fabriqu\u00e9, <a title=\"Acceuil\" href=\"https:\/\/www.apconcrete.com\/NewSite\/fr\/home\/\">A&amp;P Concrete Products Ltd.<\/a> est le premier choix de Moncton, Saint John et Miramichi Nouveau-Brunswick pour les marches en b\u00e9ton structurel et architectural pr\u00e9fabriqu\u00e9, les fosses septiques et bien plus encore.<\/span><\/p>\t\t\t\t\t\t\t\t<\/div>\n\t\t\t\t<\/div>\n\t\t\t\t\t<\/div>\n\t\t<\/div>\n\t\t\t\t\t<\/div>\n\t\t<\/section>\n\t\t\t\t<\/div>\n\t\t","protected":false},"excerpt":{"rendered":"<p>A &#038; P CONCRETE PRODUCTS Depuis 1975, A&amp;P Concrete Products Ltd fabrique une vari\u00e9t\u00e9 de produits en b\u00e9ton pour des applications &#8230;<\/p>\n","protected":false},"author":1,"featured_media":0,"parent":0,"menu_order":0,"comment_status":"open","ping_status":"open","template":"","meta":{"_monsterinsights_skip_tracking":false,"_monsterinsights_sitenote_active":false,"_monsterinsights_sitenote_note":"","_monsterinsights_sitenote_category":0,"footnotes":""},"class_list":["post-2328","page","type-page","status-publish","hentry"],"aioseo_notices":[],"_links":{"self":[{"href":"https:\/\/www.apconcrete.com\/fr\/wp-json\/wp\/v2\/pages\/2328","targetHints":{"allow":["GET"]}}],"collection":[{"href":"https:\/\/www.apconcrete.com\/fr\/wp-json\/wp\/v2\/pages"}],"about":[{"href":"https:\/\/www.apconcrete.com\/fr\/wp-json\/wp\/v2\/types\/page"}],"author":[{"embeddable":true,"href":"https:\/\/www.apconcrete.com\/fr\/wp-json\/wp\/v2\/users\/1"}],"replies":[{"embeddable":true,"href":"https:\/\/www.apconcrete.com\/fr\/wp-json\/wp\/v2\/comments?post=2328"}],"version-history":[{"count":10,"href":"https:\/\/www.apconcrete.com\/fr\/wp-json\/wp\/v2\/pages\/2328\/revisions"}],"predecessor-version":[{"id":2559,"href":"https:\/\/www.apconcrete.com\/fr\/wp-json\/wp\/v2\/pages\/2328\/revisions\/2559"}],"wp:attachment":[{"href":"https:\/\/www.apconcrete.com\/fr\/wp-json\/wp\/v2\/media?parent=2328"}],"curies":[{"name":"wp","href":"https:\/\/api.w.org\/{rel}","templated":true}]}}