{"id":2316,"date":"2015-02-05T10:36:18","date_gmt":"2015-02-05T14:36:18","guid":{"rendered":"https:\/\/www.apconcrete.com\/NewSite\/nos-services\/sceptic-tanks-and-barriers\/"},"modified":"2022-07-25T14:19:26","modified_gmt":"2022-07-25T17:19:26","slug":"fosses-sceptiques-et-barrieres","status":"publish","type":"page","link":"https:\/\/www.apconcrete.com\/fr\/nos-services\/fosses-sceptiques-et-barrieres\/","title":{"rendered":"Fosses sceptiques et barri\u00e8res"},"content":{"rendered":"\t\t<div data-elementor-type=\"wp-page\" data-elementor-id=\"2316\" class=\"elementor elementor-2316 elementor-37\">\n\t\t\t\t\t\t<section class=\"elementor-section elementor-top-section elementor-element elementor-element-1bc7a09c elementor-section-boxed elementor-section-height-default elementor-section-height-default\" data-id=\"1bc7a09c\" data-element_type=\"section\">\n\t\t\t\t\t\t<div class=\"elementor-container elementor-column-gap-no\">\n\t\t\t\t\t<div class=\"elementor-column elementor-col-100 elementor-top-column elementor-element elementor-element-591b8d74\" data-id=\"591b8d74\" data-element_type=\"column\">\n\t\t\t<div class=\"elementor-widget-wrap elementor-element-populated\">\n\t\t\t\t\t\t<div class=\"elementor-element elementor-element-7c269950 elementor-widget elementor-widget-image\" data-id=\"7c269950\" data-element_type=\"widget\" data-widget_type=\"image.default\">\n\t\t\t\t<div class=\"elementor-widget-container\">\n\t\t\t\t\t\t\t\t\t\t\t\t\t\t\t<img fetchpriority=\"high\" decoding=\"async\" width=\"800\" height=\"565\" src=\"https:\/\/www.apconcrete.com\/NewSite\/wp-content\/uploads\/2022\/06\/IMG_4355SS-1024x723.jpg\" class=\"attachment-large size-large wp-image-2422\" alt=\"\" srcset=\"https:\/\/www.apconcrete.com\/NewSite\/wp-content\/uploads\/2022\/06\/IMG_4355SS-1024x723.jpg 1024w, https:\/\/www.apconcrete.com\/NewSite\/wp-content\/uploads\/2022\/06\/IMG_4355SS-300x212.jpg 300w, https:\/\/www.apconcrete.com\/NewSite\/wp-content\/uploads\/2022\/06\/IMG_4355SS-768x542.jpg 768w, https:\/\/www.apconcrete.com\/NewSite\/wp-content\/uploads\/2022\/06\/IMG_4355SS-1536x1084.jpg 1536w, https:\/\/www.apconcrete.com\/NewSite\/wp-content\/uploads\/2022\/06\/IMG_4355SS.jpg 1700w\" sizes=\"(max-width: 800px) 100vw, 800px\" \/>\t\t\t\t\t\t\t\t\t\t\t\t\t\t\t<\/div>\n\t\t\t\t<\/div>\n\t\t\t\t<div class=\"elementor-element elementor-element-799550f3 elementor-widget elementor-widget-image-gallery\" data-id=\"799550f3\" data-element_type=\"widget\" data-widget_type=\"image-gallery.default\">\n\t\t\t\t<div class=\"elementor-widget-container\">\n\t\t\t\t\t\t\t<div class=\"elementor-image-gallery\">\n\t\t\t\n        <style type='text\/css'>\n            #gallery-4 .gallery-item {\n                float: left;\n                text-align: center;\n                width: 50%;\n                margin-bottom:0;\n            }\n            #gallery-4 img {\n            }\n            #gallery-4 .gallery-caption {\n                margin-left: 0;\n            }\n        <\/style>\n\t\t<div id='gallery-4' class='gallery  gallery-columns-2 gallery-size-medium-thumb gallery-lightbox'><dl class='gallery-item'>\n            <dt class='gallery-icon'>\n                <a data-elementor-open-lightbox=\"yes\" data-elementor-lightbox-slideshow=\"799550f3\" data-elementor-lightbox-title=\"IMG_4170\" data-e-action-hash=\"#elementor-action%3Aaction%3Dlightbox%26settings%3DeyJpZCI6MTkzNywidXJsIjoiaHR0cHM6XC9cL3d3dy5hcGNvbmNyZXRlLmNvbVwvTmV3U2l0ZVwvd3AtY29udGVudFwvdXBsb2Fkc1wvMjAyMlwvMDZcL0lNR180MTcwLTEuanBnIiwic2xpZGVzaG93IjoiNzk5NTUwZjMifQ%3D%3D\" href='https:\/\/www.apconcrete.com\/NewSite\/wp-content\/uploads\/2022\/06\/IMG_4170-1.jpg'><img decoding=\"async\" width=\"600\" height=\"300\" src=\"https:\/\/www.apconcrete.com\/NewSite\/wp-content\/uploads\/2022\/06\/IMG_4170-1-600x300.jpg\" class=\"attachment-medium-thumb size-medium-thumb\" alt=\"\" srcset=\"https:\/\/www.apconcrete.com\/NewSite\/wp-content\/uploads\/2022\/06\/IMG_4170-1-600x300.jpg 600w, https:\/\/www.apconcrete.com\/NewSite\/wp-content\/uploads\/2022\/06\/IMG_4170-1-400x200.jpg 400w\" sizes=\"(max-width: 600px) 100vw, 600px\" \/><\/a>\n            <\/dt><\/dl><dl class='gallery-item'>\n            <dt class='gallery-icon'>\n                <a data-elementor-open-lightbox=\"yes\" data-elementor-lightbox-slideshow=\"799550f3\" data-elementor-lightbox-title=\"2012-07-10_16.31\" data-e-action-hash=\"#elementor-action%3Aaction%3Dlightbox%26settings%3DeyJpZCI6MjQyOSwidXJsIjoiaHR0cHM6XC9cL3d3dy5hcGNvbmNyZXRlLmNvbVwvTmV3U2l0ZVwvd3AtY29udGVudFwvdXBsb2Fkc1wvMjAyMlwvMDZcLzIwMTItMDctMTBfMTYuMzEuanBnIiwic2xpZGVzaG93IjoiNzk5NTUwZjMifQ%3D%3D\" href='https:\/\/www.apconcrete.com\/NewSite\/wp-content\/uploads\/2022\/06\/2012-07-10_16.31.jpg'><img decoding=\"async\" width=\"600\" height=\"300\" src=\"https:\/\/www.apconcrete.com\/NewSite\/wp-content\/uploads\/2022\/06\/2012-07-10_16.31-600x300.jpg\" class=\"attachment-medium-thumb size-medium-thumb\" alt=\"\" srcset=\"https:\/\/www.apconcrete.com\/NewSite\/wp-content\/uploads\/2022\/06\/2012-07-10_16.31-600x300.jpg 600w, https:\/\/www.apconcrete.com\/NewSite\/wp-content\/uploads\/2022\/06\/2012-07-10_16.31-400x200.jpg 400w, https:\/\/www.apconcrete.com\/NewSite\/wp-content\/uploads\/2022\/06\/2012-07-10_16.31-800x400.jpg 800w\" sizes=\"(max-width: 600px) 100vw, 600px\" \/><\/a>\n            <\/dt><\/dl><div class=\"clear\"><\/div>\n            <div class=\"clear\"><\/div>\n        <\/div>\n\t\t<\/div>\n\t\t\t\t\t\t<\/div>\n\t\t\t\t<\/div>\n\t\t\t\t\t<\/div>\n\t\t<\/div>\n\t\t\t\t\t<\/div>\n\t\t<\/section>\n\t\t\t\t<section class=\"elementor-section elementor-top-section elementor-element elementor-element-1b1fa69f elementor-section-boxed elementor-section-height-default elementor-section-height-default\" data-id=\"1b1fa69f\" data-element_type=\"section\">\n\t\t\t\t\t\t<div class=\"elementor-container elementor-column-gap-no\">\n\t\t\t\t\t<div class=\"elementor-column elementor-col-50 elementor-top-column elementor-element elementor-element-47352621\" data-id=\"47352621\" data-element_type=\"column\">\n\t\t\t<div class=\"elementor-widget-wrap elementor-element-populated\">\n\t\t\t\t\t\t<div class=\"elementor-element elementor-element-279650ab elementor-widget elementor-widget-text-editor\" data-id=\"279650ab\" data-element_type=\"widget\" data-widget_type=\"text-editor.default\">\n\t\t\t\t<div class=\"elementor-widget-container\">\n\t\t\t\t\t\t\t\t\t<h4>Fonctionnalit\u00e9s<\/h4><p id=\"tw-target-text\" class=\"tw-data-text tw-text-large tw-ta\" dir=\"ltr\" data-placeholder=\"Translation\"><span class=\"Y2IQFc\" lang=\"fr\">Nous concevons et fabriquons des fosses septiques et des barri\u00e8res routi\u00e8res de diff\u00e9rentes tailles. Nos fosses septiques sont conformes \u00e0 la CSA. Nous vendons des fosses septiques en b\u00e9ton dans les tailles suivantes : 750gal, 1000gal, 2000gal et 3000gal. <\/span><\/p><p class=\"tw-data-text tw-text-large tw-ta\" dir=\"ltr\" data-placeholder=\"Translation\"><span class=\"Y2IQFc\" lang=\"fr\">Nous proposons \u00e9galement des chambres de pompe &#8211; 4&#8217;square, 4&#8242; ou 6&#8217;high, P.C. Colonnes montantes, colonnes montantes et filtres Polyloc, r\u00e9servoir d&#8217;infiltrateur et cuisines. <\/span><\/p><p class=\"tw-data-text tw-text-large tw-ta\" dir=\"ltr\" data-placeholder=\"Translation\"><span class=\"Y2IQFc\" lang=\"fr\">Nous fabriquons et vendons des barri\u00e8res en b\u00e9ton pr\u00e9fabriqu\u00e9, des barri\u00e8res NB DOT, des barri\u00e8res Jersey et des bordures de 16 pouces.<\/span><\/p>\t\t\t\t\t\t\t\t<\/div>\n\t\t\t\t<\/div>\n\t\t\t\t<div class=\"elementor-element elementor-element-533fc6ac elementor-widget elementor-widget-text-editor\" data-id=\"533fc6ac\" data-element_type=\"widget\" data-widget_type=\"text-editor.default\">\n\t\t\t\t<div class=\"elementor-widget-container\">\n\t\t\t\t\t\t\t\t\t<h4>Obtenir un devis<\/h4><p id=\"tw-target-text\" class=\"tw-data-text tw-text-large tw-ta\" dir=\"ltr\" data-placeholder=\"Translation\"><span class=\"Y2IQFc\" lang=\"fr\">Si vous souhaitez un devis ou une estimation pour votre projet de b\u00e9ton pr\u00e9fabriqu\u00e9 dans la r\u00e9gion du Grand Moncton, Saint John et Miramichi ou ailleurs au Canada atlantique, nous serions heureux de vous servir. <\/span><\/p><p class=\"tw-data-text tw-text-large tw-ta\" dir=\"ltr\" data-placeholder=\"Translation\"><span class=\"Y2IQFc\" lang=\"fr\">Veuillez nous fournir votre nom, votre adresse e-mail et une description d\u00e9taill\u00e9e de votre projet. Nous reviendrons vers vous rapidement.<\/span><\/p>\t\t\t\t\t\t\t\t<\/div>\n\t\t\t\t<\/div>\n\t\t\t\t\t<\/div>\n\t\t<\/div>\n\t\t\t\t<div class=\"elementor-column elementor-col-50 elementor-top-column elementor-element elementor-element-75964eeb\" data-id=\"75964eeb\" data-element_type=\"column\">\n\t\t\t<div class=\"elementor-widget-wrap elementor-element-populated\">\n\t\t\t\t\t\t<div class=\"elementor-element elementor-element-f532321 elementor-widget elementor-widget-wpforms\" data-id=\"f532321\" data-element_type=\"widget\" data-widget_type=\"wpforms.default\">\n\t\t\t\t<div class=\"elementor-widget-container\">\n\t\t\t\t\t<div class=\"wpforms-container wpforms-container-full\" id=\"wpforms-1845\"><form id=\"wpforms-form-1845\" class=\"wpforms-validate wpforms-form wpforms-ajax-form\" data-formid=\"1845\" method=\"post\" enctype=\"multipart\/form-data\" action=\"\/fr\/wp-json\/wp\/v2\/pages\/2316\" data-token=\"bfb5895c1daf056076ca043d5c2255c9\" data-token-time=\"1777703619\"><noscript class=\"wpforms-error-noscript\">Veuillez activer JavaScript dans votre navigateur pour remplir ce formulaire.<\/noscript><div class=\"wpforms-field-container\"><div id=\"wpforms-1845-field_0-container\" class=\"wpforms-field wpforms-field-name\" data-field-id=\"0\"><label class=\"wpforms-field-label\">Nom <span class=\"wpforms-required-label\">*<\/span><\/label><div class=\"wpforms-field-row wpforms-field-medium\"><div class=\"wpforms-field-row-block wpforms-first wpforms-one-half\"><input type=\"text\" id=\"wpforms-1845-field_0\" class=\"wpforms-field-name-first wpforms-field-required\" name=\"wpforms[fields][0][first]\" required><label for=\"wpforms-1845-field_0\" class=\"wpforms-field-sublabel after\">Pr\u00e9nom<\/label><\/div><div class=\"wpforms-field-row-block wpforms-one-half\"><input type=\"text\" id=\"wpforms-1845-field_0-last\" class=\"wpforms-field-name-last wpforms-field-required\" name=\"wpforms[fields][0][last]\" required><label for=\"wpforms-1845-field_0-last\" class=\"wpforms-field-sublabel after\">Nom<\/label><\/div><\/div><\/div><div id=\"wpforms-1845-field_1-container\" class=\"wpforms-field wpforms-field-email\" data-field-id=\"1\"><label class=\"wpforms-field-label\" for=\"wpforms-1845-field_1\">Courriel <span class=\"wpforms-required-label\">*<\/span><\/label><input type=\"email\" id=\"wpforms-1845-field_1\" class=\"wpforms-field-medium wpforms-field-required\" name=\"wpforms[fields][1]\" spellcheck=\"false\" required><\/div><div id=\"wpforms-1845-field_4-container\" class=\"wpforms-field wpforms-field-text\" data-field-id=\"4\"><label class=\"wpforms-field-label\" for=\"wpforms-1845-field_4\">Votre localit\u00e9 <span class=\"wpforms-required-label\">*<\/span><\/label><input type=\"text\" id=\"wpforms-1845-field_4\" class=\"wpforms-field-medium wpforms-field-required\" name=\"wpforms[fields][4]\" required><\/div><div id=\"wpforms-1845-field_3-container\" class=\"wpforms-field wpforms-field-select wpforms-field-select-style-classic\" data-field-id=\"3\"><label class=\"wpforms-field-label\" for=\"wpforms-1845-field_3\">Demande de devis pour :<\/label><select id=\"wpforms-1845-field_3\" class=\"wpforms-field-medium\" name=\"wpforms[fields][3]\"><option value=\"B\u00e9ton architectural\"  selected='selected' class=\"choice-1 depth-1\"  >B\u00e9ton architectural<\/option><option value=\"Marches de b\u00e9ton\"  class=\"choice-2 depth-1\"  >Marches de b\u00e9ton<\/option><option value=\"Terrasses en b\u00e9ton\"  class=\"choice-3 depth-1\"  >Terrasses en b\u00e9ton<\/option><option value=\"Fosses septiques et barri\u00e8res\"  class=\"choice-4 depth-1\"  >Fosses septiques et barri\u00e8res<\/option><option value=\"Rampes en aluminium\"  class=\"choice-5 depth-1\"  >Rampes en aluminium<\/option><option value=\"Rampes\"  class=\"choice-7 depth-1\"  >Rampes<\/option><\/select><\/div><div id=\"wpforms-1845-field_2-container\" class=\"wpforms-field wpforms-field-textarea\" data-field-id=\"2\"><label class=\"wpforms-field-label\" for=\"wpforms-1845-field_2\">Commentaire ou Message <span class=\"wpforms-required-label\">*<\/span><\/label><textarea id=\"wpforms-1845-field_2\" class=\"wpforms-field-medium wpforms-field-required\" name=\"wpforms[fields][2]\" required><\/textarea><\/div><\/div><!-- .wpforms-field-container --><div class=\"wpforms-submit-container\" ><input type=\"hidden\" name=\"wpforms[id]\" value=\"1845\"><input type=\"hidden\" name=\"page_title\" value=\"\"><input type=\"hidden\" name=\"page_url\" value=\"https:\/\/www.apconcrete.com\/fr\/wp-json\/wp\/v2\/pages\/2316\"><input type=\"hidden\" name=\"url_referer\" value=\"\"><button type=\"submit\" name=\"wpforms[submit]\" id=\"wpforms-submit-1845\" class=\"wpforms-submit\" data-alt-text=\"Envoi en cour...\" data-submit-text=\"Envoyer\" aria-live=\"assertive\" value=\"wpforms-submit\">Envoyer<\/button><img loading=\"lazy\" decoding=\"async\" src=\"https:\/\/www.apconcrete.com\/NewSite\/wp-content\/plugins\/wpforms\/assets\/images\/submit-spin.svg\" class=\"wpforms-submit-spinner\" style=\"display: none;\" width=\"26\" height=\"26\" alt=\"Chargement en cours\"><\/div><\/form><\/div>  <!-- .wpforms-container -->\t\t\t\t<\/div>\n\t\t\t\t<\/div>\n\t\t\t\t\t<\/div>\n\t\t<\/div>\n\t\t\t\t\t<\/div>\n\t\t<\/section>\n\t\t\t\t<\/div>\n\t\t","protected":false},"excerpt":{"rendered":"<p>Nous concevons et fabriquons des fosses septiques et des barri\u00e8res routi\u00e8res de diff\u00e9rentes tailles.<\/p>\n","protected":false},"author":1,"featured_media":2421,"parent":2236,"menu_order":6,"comment_status":"open","ping_status":"open","template":"","meta":{"_monsterinsights_skip_tracking":false,"_monsterinsights_sitenote_active":false,"_monsterinsights_sitenote_note":"","_monsterinsights_sitenote_category":0,"footnotes":""},"class_list":["post-2316","page","type-page","status-publish","has-post-thumbnail","hentry"],"aioseo_notices":[],"_links":{"self":[{"href":"https:\/\/www.apconcrete.com\/fr\/wp-json\/wp\/v2\/pages\/2316","targetHints":{"allow":["GET"]}}],"collection":[{"href":"https:\/\/www.apconcrete.com\/fr\/wp-json\/wp\/v2\/pages"}],"about":[{"href":"https:\/\/www.apconcrete.com\/fr\/wp-json\/wp\/v2\/types\/page"}],"author":[{"embeddable":true,"href":"https:\/\/www.apconcrete.com\/fr\/wp-json\/wp\/v2\/users\/1"}],"replies":[{"embeddable":true,"href":"https:\/\/www.apconcrete.com\/fr\/wp-json\/wp\/v2\/comments?post=2316"}],"version-history":[{"count":18,"href":"https:\/\/www.apconcrete.com\/fr\/wp-json\/wp\/v2\/pages\/2316\/revisions"}],"predecessor-version":[{"id":2613,"href":"https:\/\/www.apconcrete.com\/fr\/wp-json\/wp\/v2\/pages\/2316\/revisions\/2613"}],"up":[{"embeddable":true,"href":"https:\/\/www.apconcrete.com\/fr\/wp-json\/wp\/v2\/pages\/2236"}],"wp:featuredmedia":[{"embeddable":true,"href":"https:\/\/www.apconcrete.com\/fr\/wp-json\/wp\/v2\/media\/2421"}],"wp:attachment":[{"href":"https:\/\/www.apconcrete.com\/fr\/wp-json\/wp\/v2\/media?parent=2316"}],"curies":[{"name":"wp","href":"https:\/\/api.w.org\/{rel}","templated":true}]}}