{"id":2280,"date":"2015-02-08T10:41:26","date_gmt":"2015-02-08T14:41:26","guid":{"rendered":"https:\/\/www.apconcrete.com\/NewSite\/nos-services\/concrete-ramps\/"},"modified":"2022-07-25T14:15:02","modified_gmt":"2022-07-25T17:15:02","slug":"rampes-beton","status":"publish","type":"page","link":"https:\/\/www.apconcrete.com\/fr\/nos-services\/rampes-beton\/","title":{"rendered":"Rampes en b\u00e9ton"},"content":{"rendered":"\t\t<div data-elementor-type=\"wp-page\" data-elementor-id=\"2280\" class=\"elementor elementor-2280 elementor-47\">\n\t\t\t\t\t\t<section class=\"elementor-section elementor-top-section elementor-element elementor-element-1093d3a0 elementor-section-boxed elementor-section-height-default elementor-section-height-default\" data-id=\"1093d3a0\" data-element_type=\"section\">\n\t\t\t\t\t\t<div class=\"elementor-container elementor-column-gap-no\">\n\t\t\t\t\t<div class=\"elementor-column elementor-col-100 elementor-top-column elementor-element elementor-element-5615f2ed\" data-id=\"5615f2ed\" data-element_type=\"column\">\n\t\t\t<div class=\"elementor-widget-wrap elementor-element-populated\">\n\t\t\t\t\t\t<div class=\"elementor-element elementor-element-67c81dec elementor-widget elementor-widget-image\" data-id=\"67c81dec\" data-element_type=\"widget\" data-widget_type=\"image.default\">\n\t\t\t\t<div class=\"elementor-widget-container\">\n\t\t\t\t\t\t\t\t\t\t\t\t\t\t\t<img fetchpriority=\"high\" decoding=\"async\" width=\"800\" height=\"363\" src=\"https:\/\/www.apconcrete.com\/NewSite\/wp-content\/uploads\/2022\/06\/pizzaramp-1024x465.jpg\" class=\"attachment-large size-large wp-image-2408\" alt=\"\" srcset=\"https:\/\/www.apconcrete.com\/NewSite\/wp-content\/uploads\/2022\/06\/pizzaramp-1024x465.jpg 1024w, https:\/\/www.apconcrete.com\/NewSite\/wp-content\/uploads\/2022\/06\/pizzaramp-300x136.jpg 300w, https:\/\/www.apconcrete.com\/NewSite\/wp-content\/uploads\/2022\/06\/pizzaramp-768x349.jpg 768w, https:\/\/www.apconcrete.com\/NewSite\/wp-content\/uploads\/2022\/06\/pizzaramp-1536x698.jpg 1536w, https:\/\/www.apconcrete.com\/NewSite\/wp-content\/uploads\/2022\/06\/pizzaramp-2048x931.jpg 2048w\" sizes=\"(max-width: 800px) 100vw, 800px\" \/>\t\t\t\t\t\t\t\t\t\t\t\t\t\t\t<\/div>\n\t\t\t\t<\/div>\n\t\t\t\t<div class=\"elementor-element elementor-element-795c6606 elementor-widget elementor-widget-image-gallery\" data-id=\"795c6606\" data-element_type=\"widget\" data-widget_type=\"image-gallery.default\">\n\t\t\t\t<div class=\"elementor-widget-container\">\n\t\t\t\t\t\t\t<div class=\"elementor-image-gallery\">\n\t\t\t\n        <style type='text\/css'>\n            #gallery-6 .gallery-item {\n                float: left;\n                text-align: center;\n                width: 25%;\n                margin-bottom:0;\n            }\n            #gallery-6 img {\n            }\n            #gallery-6 .gallery-caption {\n                margin-left: 0;\n            }\n        <\/style>\n\t\t<div id='gallery-6' class='gallery  gallery-columns-4 gallery-size-medium-thumb gallery-lightbox'><dl class='gallery-item'>\n            <dt class='gallery-icon'>\n                <a data-elementor-open-lightbox=\"yes\" data-elementor-lightbox-slideshow=\"795c6606\" data-elementor-lightbox-title=\"IMG_3125R\" data-e-action-hash=\"#elementor-action%3Aaction%3Dlightbox%26settings%3DeyJpZCI6MTk3NywidXJsIjoiaHR0cHM6XC9cL3d3dy5hcGNvbmNyZXRlLmNvbVwvTmV3U2l0ZVwvd3AtY29udGVudFwvdXBsb2Fkc1wvMjAyMlwvMDZcL0lNR18zMTI1Ui5qcGciLCJzbGlkZXNob3ciOiI3OTVjNjYwNiJ9\" href='https:\/\/www.apconcrete.com\/NewSite\/wp-content\/uploads\/2022\/06\/IMG_3125R.jpg'><img decoding=\"async\" width=\"600\" height=\"300\" src=\"https:\/\/www.apconcrete.com\/NewSite\/wp-content\/uploads\/2022\/06\/IMG_3125R-600x300.jpg\" class=\"attachment-medium-thumb size-medium-thumb\" alt=\"\" srcset=\"https:\/\/www.apconcrete.com\/NewSite\/wp-content\/uploads\/2022\/06\/IMG_3125R-600x300.jpg 600w, https:\/\/www.apconcrete.com\/NewSite\/wp-content\/uploads\/2022\/06\/IMG_3125R-400x200.jpg 400w\" sizes=\"(max-width: 600px) 100vw, 600px\" \/><\/a>\n            <\/dt><\/dl><dl class='gallery-item'>\n            <dt class='gallery-icon'>\n                <a data-elementor-open-lightbox=\"yes\" data-elementor-lightbox-slideshow=\"795c6606\" data-elementor-lightbox-title=\"IMG_3171R\" data-e-action-hash=\"#elementor-action%3Aaction%3Dlightbox%26settings%3DeyJpZCI6MTk3OSwidXJsIjoiaHR0cHM6XC9cL3d3dy5hcGNvbmNyZXRlLmNvbVwvTmV3U2l0ZVwvd3AtY29udGVudFwvdXBsb2Fkc1wvMjAyMlwvMDZcL0lNR18zMTcxUi5qcGciLCJzbGlkZXNob3ciOiI3OTVjNjYwNiJ9\" href='https:\/\/www.apconcrete.com\/NewSite\/wp-content\/uploads\/2022\/06\/IMG_3171R.jpg'><img decoding=\"async\" width=\"600\" height=\"300\" src=\"https:\/\/www.apconcrete.com\/NewSite\/wp-content\/uploads\/2022\/06\/IMG_3171R-600x300.jpg\" class=\"attachment-medium-thumb size-medium-thumb\" alt=\"\" srcset=\"https:\/\/www.apconcrete.com\/NewSite\/wp-content\/uploads\/2022\/06\/IMG_3171R-600x300.jpg 600w, https:\/\/www.apconcrete.com\/NewSite\/wp-content\/uploads\/2022\/06\/IMG_3171R-400x200.jpg 400w\" sizes=\"(max-width: 600px) 100vw, 600px\" \/><\/a>\n            <\/dt><\/dl><dl class='gallery-item'>\n            <dt class='gallery-icon'>\n                <a data-elementor-open-lightbox=\"yes\" data-elementor-lightbox-slideshow=\"795c6606\" data-elementor-lightbox-title=\"IMG_4110\" data-e-action-hash=\"#elementor-action%3Aaction%3Dlightbox%26settings%3DeyJpZCI6MTk4NCwidXJsIjoiaHR0cHM6XC9cL3d3dy5hcGNvbmNyZXRlLmNvbVwvTmV3U2l0ZVwvd3AtY29udGVudFwvdXBsb2Fkc1wvMjAyMlwvMDZcL0lNR180MTEwLTEuanBnIiwic2xpZGVzaG93IjoiNzk1YzY2MDYifQ%3D%3D\" href='https:\/\/www.apconcrete.com\/NewSite\/wp-content\/uploads\/2022\/06\/IMG_4110-1.jpg'><img loading=\"lazy\" decoding=\"async\" width=\"600\" height=\"300\" src=\"https:\/\/www.apconcrete.com\/NewSite\/wp-content\/uploads\/2022\/06\/IMG_4110-1-600x300.jpg\" class=\"attachment-medium-thumb size-medium-thumb\" alt=\"\" srcset=\"https:\/\/www.apconcrete.com\/NewSite\/wp-content\/uploads\/2022\/06\/IMG_4110-1-600x300.jpg 600w, https:\/\/www.apconcrete.com\/NewSite\/wp-content\/uploads\/2022\/06\/IMG_4110-1-400x200.jpg 400w, https:\/\/www.apconcrete.com\/NewSite\/wp-content\/uploads\/2022\/06\/IMG_4110-1-800x400.jpg 800w\" sizes=\"(max-width: 600px) 100vw, 600px\" \/><\/a>\n            <\/dt><\/dl><dl class='gallery-item'>\n            <dt class='gallery-icon'>\n                <a data-elementor-open-lightbox=\"yes\" data-elementor-lightbox-slideshow=\"795c6606\" data-elementor-lightbox-title=\"IMG_0542\" data-e-action-hash=\"#elementor-action%3Aaction%3Dlightbox%26settings%3DeyJpZCI6MTk5MCwidXJsIjoiaHR0cHM6XC9cL3d3dy5hcGNvbmNyZXRlLmNvbVwvTmV3U2l0ZVwvd3AtY29udGVudFwvdXBsb2Fkc1wvMjAyMlwvMDZcL0lNR18wNTQyLXNjYWxlZC5qcGciLCJzbGlkZXNob3ciOiI3OTVjNjYwNiJ9\" href='https:\/\/www.apconcrete.com\/NewSite\/wp-content\/uploads\/2022\/06\/IMG_0542-scaled.jpg'><img loading=\"lazy\" decoding=\"async\" width=\"600\" height=\"300\" src=\"https:\/\/www.apconcrete.com\/NewSite\/wp-content\/uploads\/2022\/06\/IMG_0542-600x300.jpg\" class=\"attachment-medium-thumb size-medium-thumb\" alt=\"\" srcset=\"https:\/\/www.apconcrete.com\/NewSite\/wp-content\/uploads\/2022\/06\/IMG_0542-600x300.jpg 600w, https:\/\/www.apconcrete.com\/NewSite\/wp-content\/uploads\/2022\/06\/IMG_0542-400x200.jpg 400w, https:\/\/www.apconcrete.com\/NewSite\/wp-content\/uploads\/2022\/06\/IMG_0542-800x400.jpg 800w\" sizes=\"(max-width: 600px) 100vw, 600px\" \/><\/a>\n            <\/dt><\/dl><div class=\"clear\"><\/div>\n            <div class=\"clear\"><\/div>\n        <\/div>\n\t\t<\/div>\n\t\t\t\t\t\t<\/div>\n\t\t\t\t<\/div>\n\t\t\t\t\t<\/div>\n\t\t<\/div>\n\t\t\t\t\t<\/div>\n\t\t<\/section>\n\t\t\t\t<section class=\"elementor-section elementor-top-section elementor-element elementor-element-5da9a4db elementor-section-boxed elementor-section-height-default elementor-section-height-default\" data-id=\"5da9a4db\" data-element_type=\"section\">\n\t\t\t\t\t\t<div class=\"elementor-container elementor-column-gap-no\">\n\t\t\t\t\t<div class=\"elementor-column elementor-col-50 elementor-top-column elementor-element elementor-element-3d5a9cc3\" data-id=\"3d5a9cc3\" data-element_type=\"column\">\n\t\t\t<div class=\"elementor-widget-wrap elementor-element-populated\">\n\t\t\t\t\t\t<div class=\"elementor-element elementor-element-695b1d8d elementor-widget elementor-widget-text-editor\" data-id=\"695b1d8d\" data-element_type=\"widget\" data-widget_type=\"text-editor.default\">\n\t\t\t\t<div class=\"elementor-widget-container\">\n\t\t\t\t\t\t\t\t\t<h4>Fonctionnalit\u00e9s<\/h4><p id=\"tw-target-text\" class=\"tw-data-text tw-text-large tw-ta\" dir=\"ltr\" data-placeholder=\"Translation\"><span class=\"Y2IQFc\" lang=\"fr\">Les rampes en b\u00e9ton offrent une s\u00e9curit\u00e9 pratique et un acc\u00e8s facile pour les personnes handicap\u00e9es.<\/span><\/p>\t\t\t\t\t\t\t\t<\/div>\n\t\t\t\t<\/div>\n\t\t\t\t<div class=\"elementor-element elementor-element-7909875c elementor-widget elementor-widget-text-editor\" data-id=\"7909875c\" data-element_type=\"widget\" data-widget_type=\"text-editor.default\">\n\t\t\t\t<div class=\"elementor-widget-container\">\n\t\t\t\t\t\t\t\t\t<h4>Obtenir un devis<\/h4><p id=\"tw-target-text\" class=\"tw-data-text tw-text-large tw-ta\" dir=\"ltr\" data-placeholder=\"Translation\"><span class=\"Y2IQFc\" lang=\"fr\">Si vous souhaitez un devis ou une estimation pour votre projet de b\u00e9ton pr\u00e9fabriqu\u00e9 dans la r\u00e9gion du Grand Moncton, Saint John et Miramichi ou ailleurs au Canada atlantique, nous serions heureux de vous servir.<\/span><\/p><p class=\"tw-data-text tw-text-large tw-ta\" dir=\"ltr\" data-placeholder=\"Translation\"><span class=\"Y2IQFc\" lang=\"fr\">Veuillez nous fournir votre nom, votre adresse e-mail et une description d\u00e9taill\u00e9e de votre projet. Nous reviendrons vers vous rapidement.<\/span><\/p>\t\t\t\t\t\t\t\t<\/div>\n\t\t\t\t<\/div>\n\t\t\t\t\t<\/div>\n\t\t<\/div>\n\t\t\t\t<div class=\"elementor-column elementor-col-50 elementor-top-column elementor-element elementor-element-454b961a\" data-id=\"454b961a\" data-element_type=\"column\">\n\t\t\t<div class=\"elementor-widget-wrap elementor-element-populated\">\n\t\t\t\t\t\t<div class=\"elementor-element elementor-element-0232a11 elementor-widget elementor-widget-wpforms\" data-id=\"0232a11\" data-element_type=\"widget\" data-widget_type=\"wpforms.default\">\n\t\t\t\t<div class=\"elementor-widget-container\">\n\t\t\t\t\t<div class=\"wpforms-container wpforms-container-full\" id=\"wpforms-1845\"><form id=\"wpforms-form-1845\" class=\"wpforms-validate wpforms-form wpforms-ajax-form\" data-formid=\"1845\" method=\"post\" enctype=\"multipart\/form-data\" action=\"\/fr\/wp-json\/wp\/v2\/pages\/2280\" data-token=\"bfb5895c1daf056076ca043d5c2255c9\" data-token-time=\"1777703614\"><noscript class=\"wpforms-error-noscript\">Veuillez activer JavaScript dans votre navigateur pour remplir ce formulaire.<\/noscript><div class=\"wpforms-field-container\"><div id=\"wpforms-1845-field_0-container\" class=\"wpforms-field wpforms-field-name\" data-field-id=\"0\"><label class=\"wpforms-field-label\">Nom <span class=\"wpforms-required-label\">*<\/span><\/label><div class=\"wpforms-field-row wpforms-field-medium\"><div class=\"wpforms-field-row-block wpforms-first wpforms-one-half\"><input type=\"text\" id=\"wpforms-1845-field_0\" class=\"wpforms-field-name-first wpforms-field-required\" name=\"wpforms[fields][0][first]\" required><label for=\"wpforms-1845-field_0\" class=\"wpforms-field-sublabel after\">Pr\u00e9nom<\/label><\/div><div class=\"wpforms-field-row-block wpforms-one-half\"><input type=\"text\" id=\"wpforms-1845-field_0-last\" class=\"wpforms-field-name-last wpforms-field-required\" name=\"wpforms[fields][0][last]\" required><label for=\"wpforms-1845-field_0-last\" class=\"wpforms-field-sublabel after\">Nom<\/label><\/div><\/div><\/div><div id=\"wpforms-1845-field_1-container\" class=\"wpforms-field wpforms-field-email\" data-field-id=\"1\"><label class=\"wpforms-field-label\" for=\"wpforms-1845-field_1\">Courriel <span class=\"wpforms-required-label\">*<\/span><\/label><input type=\"email\" id=\"wpforms-1845-field_1\" class=\"wpforms-field-medium wpforms-field-required\" name=\"wpforms[fields][1]\" spellcheck=\"false\" required><\/div><div id=\"wpforms-1845-field_4-container\" class=\"wpforms-field wpforms-field-text\" data-field-id=\"4\"><label class=\"wpforms-field-label\" for=\"wpforms-1845-field_4\">Votre localit\u00e9 <span class=\"wpforms-required-label\">*<\/span><\/label><input type=\"text\" id=\"wpforms-1845-field_4\" class=\"wpforms-field-medium wpforms-field-required\" name=\"wpforms[fields][4]\" required><\/div><div id=\"wpforms-1845-field_3-container\" class=\"wpforms-field wpforms-field-select wpforms-field-select-style-classic\" data-field-id=\"3\"><label class=\"wpforms-field-label\" for=\"wpforms-1845-field_3\">Demande de devis pour :<\/label><select id=\"wpforms-1845-field_3\" class=\"wpforms-field-medium\" name=\"wpforms[fields][3]\"><option value=\"B\u00e9ton architectural\"  selected='selected' class=\"choice-1 depth-1\"  >B\u00e9ton architectural<\/option><option value=\"Marches de b\u00e9ton\"  class=\"choice-2 depth-1\"  >Marches de b\u00e9ton<\/option><option value=\"Terrasses en b\u00e9ton\"  class=\"choice-3 depth-1\"  >Terrasses en b\u00e9ton<\/option><option value=\"Fosses septiques et barri\u00e8res\"  class=\"choice-4 depth-1\"  >Fosses septiques et barri\u00e8res<\/option><option value=\"Rampes en aluminium\"  class=\"choice-5 depth-1\"  >Rampes en aluminium<\/option><option value=\"Rampes\"  class=\"choice-7 depth-1\"  >Rampes<\/option><\/select><\/div><div id=\"wpforms-1845-field_2-container\" class=\"wpforms-field wpforms-field-textarea\" data-field-id=\"2\"><label class=\"wpforms-field-label\" for=\"wpforms-1845-field_2\">Commentaire ou Message <span class=\"wpforms-required-label\">*<\/span><\/label><textarea id=\"wpforms-1845-field_2\" class=\"wpforms-field-medium wpforms-field-required\" name=\"wpforms[fields][2]\" required><\/textarea><\/div><\/div><!-- .wpforms-field-container --><div class=\"wpforms-submit-container\" ><input type=\"hidden\" name=\"wpforms[id]\" value=\"1845\"><input type=\"hidden\" name=\"page_title\" value=\"\"><input type=\"hidden\" name=\"page_url\" value=\"https:\/\/www.apconcrete.com\/fr\/wp-json\/wp\/v2\/pages\/2280\"><input type=\"hidden\" name=\"url_referer\" value=\"\"><button type=\"submit\" name=\"wpforms[submit]\" id=\"wpforms-submit-1845\" class=\"wpforms-submit\" data-alt-text=\"Envoi en cour...\" data-submit-text=\"Envoyer\" aria-live=\"assertive\" value=\"wpforms-submit\">Envoyer<\/button><img loading=\"lazy\" decoding=\"async\" src=\"https:\/\/www.apconcrete.com\/NewSite\/wp-content\/plugins\/wpforms\/assets\/images\/submit-spin.svg\" class=\"wpforms-submit-spinner\" style=\"display: none;\" width=\"26\" height=\"26\" alt=\"Chargement en cours\"><\/div><\/form><\/div>  <!-- .wpforms-container -->\t\t\t\t<\/div>\n\t\t\t\t<\/div>\n\t\t\t\t\t<\/div>\n\t\t<\/div>\n\t\t\t\t\t<\/div>\n\t\t<\/section>\n\t\t\t\t<\/div>\n\t\t","protected":false},"excerpt":{"rendered":"<p>S\u00e9curit\u00e9 pratique et acc\u00e8s facile pour les personnes handicap\u00e9es.<\/p>\n","protected":false},"author":1,"featured_media":2407,"parent":2236,"menu_order":4,"comment_status":"open","ping_status":"open","template":"","meta":{"_monsterinsights_skip_tracking":false,"_monsterinsights_sitenote_active":false,"_monsterinsights_sitenote_note":"","_monsterinsights_sitenote_category":0,"footnotes":""},"class_list":["post-2280","page","type-page","status-publish","has-post-thumbnail","hentry"],"aioseo_notices":[],"_links":{"self":[{"href":"https:\/\/www.apconcrete.com\/fr\/wp-json\/wp\/v2\/pages\/2280","targetHints":{"allow":["GET"]}}],"collection":[{"href":"https:\/\/www.apconcrete.com\/fr\/wp-json\/wp\/v2\/pages"}],"about":[{"href":"https:\/\/www.apconcrete.com\/fr\/wp-json\/wp\/v2\/types\/page"}],"author":[{"embeddable":true,"href":"https:\/\/www.apconcrete.com\/fr\/wp-json\/wp\/v2\/users\/1"}],"replies":[{"embeddable":true,"href":"https:\/\/www.apconcrete.com\/fr\/wp-json\/wp\/v2\/comments?post=2280"}],"version-history":[{"count":12,"href":"https:\/\/www.apconcrete.com\/fr\/wp-json\/wp\/v2\/pages\/2280\/revisions"}],"predecessor-version":[{"id":2595,"href":"https:\/\/www.apconcrete.com\/fr\/wp-json\/wp\/v2\/pages\/2280\/revisions\/2595"}],"up":[{"embeddable":true,"href":"https:\/\/www.apconcrete.com\/fr\/wp-json\/wp\/v2\/pages\/2236"}],"wp:featuredmedia":[{"embeddable":true,"href":"https:\/\/www.apconcrete.com\/fr\/wp-json\/wp\/v2\/media\/2407"}],"wp:attachment":[{"href":"https:\/\/www.apconcrete.com\/fr\/wp-json\/wp\/v2\/media?parent=2280"}],"curies":[{"name":"wp","href":"https:\/\/api.w.org\/{rel}","templated":true}]}}