{"id":2249,"date":"2015-02-04T13:26:14","date_gmt":"2015-02-04T17:26:14","guid":{"rendered":"https:\/\/www.apconcrete.com\/NewSite\/nos-services\/aluminum-railings\/"},"modified":"2022-07-25T14:08:28","modified_gmt":"2022-07-25T17:08:28","slug":"aluminum-railings","status":"publish","type":"page","link":"https:\/\/www.apconcrete.com\/fr\/nos-services\/aluminum-railings\/","title":{"rendered":"Rampes d&#8217;aluminium"},"content":{"rendered":"\t\t<div data-elementor-type=\"wp-page\" data-elementor-id=\"2249\" class=\"elementor elementor-2249 elementor-207\">\n\t\t\t\t\t\t<section class=\"elementor-section elementor-top-section elementor-element elementor-element-3ebed57 elementor-section-boxed elementor-section-height-default elementor-section-height-default\" data-id=\"3ebed57\" data-element_type=\"section\">\n\t\t\t\t\t\t<div class=\"elementor-container elementor-column-gap-no\">\n\t\t\t\t\t<div class=\"elementor-column elementor-col-100 elementor-top-column elementor-element elementor-element-1824989\" data-id=\"1824989\" data-element_type=\"column\">\n\t\t\t<div class=\"elementor-widget-wrap elementor-element-populated\">\n\t\t\t\t\t\t<div class=\"elementor-element elementor-element-3e6320af elementor-widget elementor-widget-image\" data-id=\"3e6320af\" data-element_type=\"widget\" data-widget_type=\"image.default\">\n\t\t\t\t<div class=\"elementor-widget-container\">\n\t\t\t\t\t\t\t\t\t\t\t\t\t\t\t<img fetchpriority=\"high\" decoding=\"async\" width=\"800\" height=\"565\" src=\"https:\/\/www.apconcrete.com\/NewSite\/wp-content\/uploads\/2022\/06\/IMG_4097-1024x723.jpg\" class=\"attachment-large size-large wp-image-1953\" alt=\"\" srcset=\"https:\/\/www.apconcrete.com\/NewSite\/wp-content\/uploads\/2022\/06\/IMG_4097-1024x723.jpg 1024w, https:\/\/www.apconcrete.com\/NewSite\/wp-content\/uploads\/2022\/06\/IMG_4097-300x212.jpg 300w, https:\/\/www.apconcrete.com\/NewSite\/wp-content\/uploads\/2022\/06\/IMG_4097-768x542.jpg 768w, https:\/\/www.apconcrete.com\/NewSite\/wp-content\/uploads\/2022\/06\/IMG_4097-1536x1084.jpg 1536w, https:\/\/www.apconcrete.com\/NewSite\/wp-content\/uploads\/2022\/06\/IMG_4097.jpg 1700w\" sizes=\"(max-width: 800px) 100vw, 800px\" \/>\t\t\t\t\t\t\t\t\t\t\t\t\t\t\t<\/div>\n\t\t\t\t<\/div>\n\t\t\t\t<div class=\"elementor-element elementor-element-3c98bb4c elementor-widget elementor-widget-image-gallery\" data-id=\"3c98bb4c\" data-element_type=\"widget\" data-widget_type=\"image-gallery.default\">\n\t\t\t\t<div class=\"elementor-widget-container\">\n\t\t\t\t\t\t\t<div class=\"elementor-image-gallery\">\n\t\t\t\n        <style type='text\/css'>\n            #gallery-11 .gallery-item {\n                float: left;\n                text-align: center;\n                width: 20%;\n                margin-bottom:0;\n            }\n            #gallery-11 img {\n            }\n            #gallery-11 .gallery-caption {\n                margin-left: 0;\n            }\n        <\/style>\n\t\t<div id='gallery-11' class='gallery  gallery-columns-5 gallery-size-medium-thumb gallery-lightbox'><dl class='gallery-item'>\n            <dt class='gallery-icon'>\n                <a data-elementor-open-lightbox=\"yes\" data-elementor-lightbox-slideshow=\"3c98bb4c\" data-elementor-lightbox-title=\"IMG_2562R\" data-e-action-hash=\"#elementor-action%3Aaction%3Dlightbox%26settings%3DeyJpZCI6MTk1NiwidXJsIjoiaHR0cHM6XC9cL3d3dy5hcGNvbmNyZXRlLmNvbVwvTmV3U2l0ZVwvd3AtY29udGVudFwvdXBsb2Fkc1wvMjAyMlwvMDZcL0lNR18yNTYyUi5qcGciLCJzbGlkZXNob3ciOiIzYzk4YmI0YyJ9\" href='https:\/\/www.apconcrete.com\/NewSite\/wp-content\/uploads\/2022\/06\/IMG_2562R.jpg'><img decoding=\"async\" width=\"600\" height=\"300\" src=\"https:\/\/www.apconcrete.com\/NewSite\/wp-content\/uploads\/2022\/06\/IMG_2562R-600x300.jpg\" class=\"attachment-medium-thumb size-medium-thumb\" alt=\"\" srcset=\"https:\/\/www.apconcrete.com\/NewSite\/wp-content\/uploads\/2022\/06\/IMG_2562R-600x300.jpg 600w, https:\/\/www.apconcrete.com\/NewSite\/wp-content\/uploads\/2022\/06\/IMG_2562R-400x200.jpg 400w\" sizes=\"(max-width: 600px) 100vw, 600px\" \/><\/a>\n            <\/dt><\/dl><dl class='gallery-item'>\n            <dt class='gallery-icon'>\n                <a data-elementor-open-lightbox=\"yes\" data-elementor-lightbox-slideshow=\"3c98bb4c\" data-elementor-lightbox-title=\"moncton01\" data-e-action-hash=\"#elementor-action%3Aaction%3Dlightbox%26settings%3DeyJpZCI6MTk2MSwidXJsIjoiaHR0cHM6XC9cL3d3dy5hcGNvbmNyZXRlLmNvbVwvTmV3U2l0ZVwvd3AtY29udGVudFwvdXBsb2Fkc1wvMjAyMlwvMDZcL21vbmN0b24wMS5qcGciLCJzbGlkZXNob3ciOiIzYzk4YmI0YyJ9\" href='https:\/\/www.apconcrete.com\/NewSite\/wp-content\/uploads\/2022\/06\/moncton01.jpg'><img decoding=\"async\" width=\"600\" height=\"300\" src=\"https:\/\/www.apconcrete.com\/NewSite\/wp-content\/uploads\/2022\/06\/moncton01-600x300.jpg\" class=\"attachment-medium-thumb size-medium-thumb\" alt=\"\" srcset=\"https:\/\/www.apconcrete.com\/NewSite\/wp-content\/uploads\/2022\/06\/moncton01-600x300.jpg 600w, https:\/\/www.apconcrete.com\/NewSite\/wp-content\/uploads\/2022\/06\/moncton01-400x200.jpg 400w, https:\/\/www.apconcrete.com\/NewSite\/wp-content\/uploads\/2022\/06\/moncton01-800x400.jpg 800w\" sizes=\"(max-width: 600px) 100vw, 600px\" \/><\/a>\n            <\/dt><\/dl><dl class='gallery-item'>\n            <dt class='gallery-icon'>\n                <a data-elementor-open-lightbox=\"yes\" data-elementor-lightbox-slideshow=\"3c98bb4c\" data-elementor-lightbox-title=\"shediac\" data-e-action-hash=\"#elementor-action%3Aaction%3Dlightbox%26settings%3DeyJpZCI6MTk2MywidXJsIjoiaHR0cHM6XC9cL3d3dy5hcGNvbmNyZXRlLmNvbVwvTmV3U2l0ZVwvd3AtY29udGVudFwvdXBsb2Fkc1wvMjAyMlwvMDZcL3NoZWRpYWMuanBnIiwic2xpZGVzaG93IjoiM2M5OGJiNGMifQ%3D%3D\" href='https:\/\/www.apconcrete.com\/NewSite\/wp-content\/uploads\/2022\/06\/shediac.jpg'><img loading=\"lazy\" decoding=\"async\" width=\"600\" height=\"300\" src=\"https:\/\/www.apconcrete.com\/NewSite\/wp-content\/uploads\/2022\/06\/shediac-600x300.jpg\" class=\"attachment-medium-thumb size-medium-thumb\" alt=\"\" srcset=\"https:\/\/www.apconcrete.com\/NewSite\/wp-content\/uploads\/2022\/06\/shediac-600x300.jpg 600w, https:\/\/www.apconcrete.com\/NewSite\/wp-content\/uploads\/2022\/06\/shediac-400x200.jpg 400w, https:\/\/www.apconcrete.com\/NewSite\/wp-content\/uploads\/2022\/06\/shediac-800x400.jpg 800w\" sizes=\"(max-width: 600px) 100vw, 600px\" \/><\/a>\n            <\/dt><\/dl><dl class='gallery-item'>\n            <dt class='gallery-icon'>\n                <a data-elementor-open-lightbox=\"yes\" data-elementor-lightbox-slideshow=\"3c98bb4c\" data-elementor-lightbox-title=\"157\" data-e-action-hash=\"#elementor-action%3Aaction%3Dlightbox%26settings%3DeyJpZCI6MTk2NSwidXJsIjoiaHR0cHM6XC9cL3d3dy5hcGNvbmNyZXRlLmNvbVwvTmV3U2l0ZVwvd3AtY29udGVudFwvdXBsb2Fkc1wvMjAyMlwvMDZcLzE1Ny5qcGciLCJzbGlkZXNob3ciOiIzYzk4YmI0YyJ9\" href='https:\/\/www.apconcrete.com\/NewSite\/wp-content\/uploads\/2022\/06\/157.jpg'><img loading=\"lazy\" decoding=\"async\" width=\"600\" height=\"300\" src=\"https:\/\/www.apconcrete.com\/NewSite\/wp-content\/uploads\/2022\/06\/157-600x300.jpg\" class=\"attachment-medium-thumb size-medium-thumb\" alt=\"\" srcset=\"https:\/\/www.apconcrete.com\/NewSite\/wp-content\/uploads\/2022\/06\/157-600x300.jpg 600w, https:\/\/www.apconcrete.com\/NewSite\/wp-content\/uploads\/2022\/06\/157-400x200.jpg 400w, https:\/\/www.apconcrete.com\/NewSite\/wp-content\/uploads\/2022\/06\/157-800x400.jpg 800w\" sizes=\"(max-width: 600px) 100vw, 600px\" \/><\/a>\n            <\/dt><\/dl><dl class='gallery-item'>\n            <dt class='gallery-icon'>\n                <a data-elementor-open-lightbox=\"yes\" data-elementor-lightbox-slideshow=\"3c98bb4c\" data-elementor-lightbox-title=\"158\" data-e-action-hash=\"#elementor-action%3Aaction%3Dlightbox%26settings%3DeyJpZCI6MTk2NywidXJsIjoiaHR0cHM6XC9cL3d3dy5hcGNvbmNyZXRlLmNvbVwvTmV3U2l0ZVwvd3AtY29udGVudFwvdXBsb2Fkc1wvMjAyMlwvMDZcLzE1OC5qcGciLCJzbGlkZXNob3ciOiIzYzk4YmI0YyJ9\" href='https:\/\/www.apconcrete.com\/NewSite\/wp-content\/uploads\/2022\/06\/158.jpg'><img loading=\"lazy\" decoding=\"async\" width=\"600\" height=\"300\" src=\"https:\/\/www.apconcrete.com\/NewSite\/wp-content\/uploads\/2022\/06\/158-600x300.jpg\" class=\"attachment-medium-thumb size-medium-thumb\" alt=\"\" srcset=\"https:\/\/www.apconcrete.com\/NewSite\/wp-content\/uploads\/2022\/06\/158-600x300.jpg 600w, https:\/\/www.apconcrete.com\/NewSite\/wp-content\/uploads\/2022\/06\/158-400x200.jpg 400w, https:\/\/www.apconcrete.com\/NewSite\/wp-content\/uploads\/2022\/06\/158-800x400.jpg 800w\" sizes=\"(max-width: 600px) 100vw, 600px\" \/><\/a>\n            <\/dt><\/dl><div class=\"clear\"><\/div>\n            <div class=\"clear\"><\/div>\n        <\/div>\n\t\t<\/div>\n\t\t\t\t\t\t<\/div>\n\t\t\t\t<\/div>\n\t\t\t\t\t<\/div>\n\t\t<\/div>\n\t\t\t\t\t<\/div>\n\t\t<\/section>\n\t\t\t\t<section class=\"elementor-section elementor-top-section elementor-element elementor-element-2bd4b09d elementor-section-boxed elementor-section-height-default elementor-section-height-default\" data-id=\"2bd4b09d\" data-element_type=\"section\">\n\t\t\t\t\t\t<div class=\"elementor-container elementor-column-gap-no\">\n\t\t\t\t\t<div class=\"elementor-column elementor-col-50 elementor-top-column elementor-element elementor-element-3ad37173\" data-id=\"3ad37173\" data-element_type=\"column\">\n\t\t\t<div class=\"elementor-widget-wrap elementor-element-populated\">\n\t\t\t\t\t\t<div class=\"elementor-element elementor-element-3a62e620 elementor-widget elementor-widget-text-editor\" data-id=\"3a62e620\" data-element_type=\"widget\" data-widget_type=\"text-editor.default\">\n\t\t\t\t<div class=\"elementor-widget-container\">\n\t\t\t\t\t\t\t\t\t<h4>Fonctionnalit\u00e9s<\/h4><p id=\"tw-target-text\" class=\"tw-data-text tw-text-large tw-ta\" dir=\"ltr\" data-placeholder=\"Translation\"><span class=\"Y2IQFc\" lang=\"fr\">Les rampes en aluminium offrent une s\u00e9curit\u00e9 et un style pratiques \u00e0 n&#8217;importe quelle marche, escalier ou plate-forme.<\/span><\/p>\t\t\t\t\t\t\t\t<\/div>\n\t\t\t\t<\/div>\n\t\t\t\t<div class=\"elementor-element elementor-element-5804e84b elementor-widget elementor-widget-text-editor\" data-id=\"5804e84b\" data-element_type=\"widget\" data-widget_type=\"text-editor.default\">\n\t\t\t\t<div class=\"elementor-widget-container\">\n\t\t\t\t\t\t\t\t\t<h4>Obtenir un Devis<\/h4><p>If you would like a quote or estimate on your precast concrete project within the Greater Moncton Area, Saint John and Miramichi or elsewhere in Atlantic Canada we would be happy to serve you.<\/p><p>Please provide us with your name, email address and a detailed description of your project. We will get back to you promptly.<\/p><p>\u00a0<\/p>\t\t\t\t\t\t\t\t<\/div>\n\t\t\t\t<\/div>\n\t\t\t\t\t<\/div>\n\t\t<\/div>\n\t\t\t\t<div class=\"elementor-column elementor-col-50 elementor-top-column elementor-element elementor-element-1d5eacbc\" data-id=\"1d5eacbc\" data-element_type=\"column\">\n\t\t\t<div class=\"elementor-widget-wrap elementor-element-populated\">\n\t\t\t\t\t\t<div class=\"elementor-element elementor-element-4d805b6 elementor-widget elementor-widget-wpforms\" data-id=\"4d805b6\" data-element_type=\"widget\" data-widget_type=\"wpforms.default\">\n\t\t\t\t<div class=\"elementor-widget-container\">\n\t\t\t\t\t<div class=\"wpforms-container wpforms-container-full\" id=\"wpforms-1845\"><form id=\"wpforms-form-1845\" class=\"wpforms-validate wpforms-form wpforms-ajax-form\" data-formid=\"1845\" method=\"post\" enctype=\"multipart\/form-data\" action=\"\/fr\/wp-json\/wp\/v2\/pages\/2249\" data-token=\"bfb5895c1daf056076ca043d5c2255c9\" data-token-time=\"1777703614\"><noscript class=\"wpforms-error-noscript\">Veuillez activer JavaScript dans votre navigateur pour remplir ce formulaire.<\/noscript><div class=\"wpforms-field-container\"><div id=\"wpforms-1845-field_0-container\" class=\"wpforms-field wpforms-field-name\" data-field-id=\"0\"><label class=\"wpforms-field-label\">Nom <span class=\"wpforms-required-label\">*<\/span><\/label><div class=\"wpforms-field-row wpforms-field-medium\"><div class=\"wpforms-field-row-block wpforms-first wpforms-one-half\"><input type=\"text\" id=\"wpforms-1845-field_0\" class=\"wpforms-field-name-first wpforms-field-required\" name=\"wpforms[fields][0][first]\" required><label for=\"wpforms-1845-field_0\" class=\"wpforms-field-sublabel after\">Pr\u00e9nom<\/label><\/div><div class=\"wpforms-field-row-block wpforms-one-half\"><input type=\"text\" id=\"wpforms-1845-field_0-last\" class=\"wpforms-field-name-last wpforms-field-required\" name=\"wpforms[fields][0][last]\" required><label for=\"wpforms-1845-field_0-last\" class=\"wpforms-field-sublabel after\">Nom<\/label><\/div><\/div><\/div><div id=\"wpforms-1845-field_1-container\" class=\"wpforms-field wpforms-field-email\" data-field-id=\"1\"><label class=\"wpforms-field-label\" for=\"wpforms-1845-field_1\">Courriel <span class=\"wpforms-required-label\">*<\/span><\/label><input type=\"email\" id=\"wpforms-1845-field_1\" class=\"wpforms-field-medium wpforms-field-required\" name=\"wpforms[fields][1]\" spellcheck=\"false\" required><\/div><div id=\"wpforms-1845-field_4-container\" class=\"wpforms-field wpforms-field-text\" data-field-id=\"4\"><label class=\"wpforms-field-label\" for=\"wpforms-1845-field_4\">Votre localit\u00e9 <span class=\"wpforms-required-label\">*<\/span><\/label><input type=\"text\" id=\"wpforms-1845-field_4\" class=\"wpforms-field-medium wpforms-field-required\" name=\"wpforms[fields][4]\" required><\/div><div id=\"wpforms-1845-field_3-container\" class=\"wpforms-field wpforms-field-select wpforms-field-select-style-classic\" data-field-id=\"3\"><label class=\"wpforms-field-label\" for=\"wpforms-1845-field_3\">Demande de devis pour :<\/label><select id=\"wpforms-1845-field_3\" class=\"wpforms-field-medium\" name=\"wpforms[fields][3]\"><option value=\"B\u00e9ton architectural\"  selected='selected' class=\"choice-1 depth-1\"  >B\u00e9ton architectural<\/option><option value=\"Marches de b\u00e9ton\"  class=\"choice-2 depth-1\"  >Marches de b\u00e9ton<\/option><option value=\"Terrasses en b\u00e9ton\"  class=\"choice-3 depth-1\"  >Terrasses en b\u00e9ton<\/option><option value=\"Fosses septiques et barri\u00e8res\"  class=\"choice-4 depth-1\"  >Fosses septiques et barri\u00e8res<\/option><option value=\"Rampes en aluminium\"  class=\"choice-5 depth-1\"  >Rampes en aluminium<\/option><option value=\"Rampes\"  class=\"choice-7 depth-1\"  >Rampes<\/option><\/select><\/div><div id=\"wpforms-1845-field_2-container\" class=\"wpforms-field wpforms-field-textarea\" data-field-id=\"2\"><label class=\"wpforms-field-label\" for=\"wpforms-1845-field_2\">Commentaire ou Message <span class=\"wpforms-required-label\">*<\/span><\/label><textarea id=\"wpforms-1845-field_2\" class=\"wpforms-field-medium wpforms-field-required\" name=\"wpforms[fields][2]\" required><\/textarea><\/div><\/div><!-- .wpforms-field-container --><div class=\"wpforms-submit-container\" ><input type=\"hidden\" name=\"wpforms[id]\" value=\"1845\"><input type=\"hidden\" name=\"page_title\" value=\"\"><input type=\"hidden\" name=\"page_url\" value=\"https:\/\/www.apconcrete.com\/fr\/wp-json\/wp\/v2\/pages\/2249\"><input type=\"hidden\" name=\"url_referer\" value=\"\"><button type=\"submit\" name=\"wpforms[submit]\" id=\"wpforms-submit-1845\" class=\"wpforms-submit\" data-alt-text=\"Envoi en cour...\" data-submit-text=\"Envoyer\" aria-live=\"assertive\" value=\"wpforms-submit\">Envoyer<\/button><img loading=\"lazy\" decoding=\"async\" src=\"https:\/\/www.apconcrete.com\/NewSite\/wp-content\/plugins\/wpforms\/assets\/images\/submit-spin.svg\" class=\"wpforms-submit-spinner\" style=\"display: none;\" width=\"26\" height=\"26\" alt=\"Chargement en cours\"><\/div><\/form><\/div>  <!-- .wpforms-container -->\t\t\t\t<\/div>\n\t\t\t\t<\/div>\n\t\t\t\t\t<\/div>\n\t\t<\/div>\n\t\t\t\t\t<\/div>\n\t\t<\/section>\n\t\t\t\t<\/div>\n\t\t","protected":false},"excerpt":{"rendered":"<p>Les rampes en aluminium offrent une s\u00e9curit\u00e9 et un style pratiques \u00e0 n&#8217;importe quelle marche, escalier ou plate-forme.<\/p>\n","protected":false},"author":1,"featured_media":1954,"parent":2236,"menu_order":3,"comment_status":"open","ping_status":"open","template":"","meta":{"_monsterinsights_skip_tracking":false,"_monsterinsights_sitenote_active":false,"_monsterinsights_sitenote_note":"","_monsterinsights_sitenote_category":0,"footnotes":""},"class_list":["post-2249","page","type-page","status-publish","has-post-thumbnail","hentry"],"aioseo_notices":[],"_links":{"self":[{"href":"https:\/\/www.apconcrete.com\/fr\/wp-json\/wp\/v2\/pages\/2249","targetHints":{"allow":["GET"]}}],"collection":[{"href":"https:\/\/www.apconcrete.com\/fr\/wp-json\/wp\/v2\/pages"}],"about":[{"href":"https:\/\/www.apconcrete.com\/fr\/wp-json\/wp\/v2\/types\/page"}],"author":[{"embeddable":true,"href":"https:\/\/www.apconcrete.com\/fr\/wp-json\/wp\/v2\/users\/1"}],"replies":[{"embeddable":true,"href":"https:\/\/www.apconcrete.com\/fr\/wp-json\/wp\/v2\/comments?post=2249"}],"version-history":[{"count":13,"href":"https:\/\/www.apconcrete.com\/fr\/wp-json\/wp\/v2\/pages\/2249\/revisions"}],"predecessor-version":[{"id":2571,"href":"https:\/\/www.apconcrete.com\/fr\/wp-json\/wp\/v2\/pages\/2249\/revisions\/2571"}],"up":[{"embeddable":true,"href":"https:\/\/www.apconcrete.com\/fr\/wp-json\/wp\/v2\/pages\/2236"}],"wp:featuredmedia":[{"embeddable":true,"href":"https:\/\/www.apconcrete.com\/fr\/wp-json\/wp\/v2\/media\/1954"}],"wp:attachment":[{"href":"https:\/\/www.apconcrete.com\/fr\/wp-json\/wp\/v2\/media?parent=2249"}],"curies":[{"name":"wp","href":"https:\/\/api.w.org\/{rel}","templated":true}]}}