{"id":2236,"date":"2015-02-05T10:21:11","date_gmt":"2015-02-05T14:21:11","guid":{"rendered":"https:\/\/www.apconcrete.com\/NewSite\/our-services\/"},"modified":"2022-06-15T16:14:03","modified_gmt":"2022-06-15T19:14:03","slug":"nos-services","status":"publish","type":"page","link":"https:\/\/www.apconcrete.com\/fr\/nos-services\/","title":{"rendered":"Nos Services"},"content":{"rendered":"\t\t<div data-elementor-type=\"wp-page\" data-elementor-id=\"2236\" class=\"elementor elementor-2236 elementor-17\">\n\t\t\t\t\t\t<section class=\"elementor-section elementor-top-section elementor-element elementor-element-c27848f elementor-section-boxed elementor-section-height-default elementor-section-height-default\" data-id=\"c27848f\" data-element_type=\"section\">\n\t\t\t\t\t\t<div class=\"elementor-container elementor-column-gap-wide\">\n\t\t\t\t\t<div class=\"elementor-column elementor-col-100 elementor-top-column elementor-element elementor-element-4150c22\" data-id=\"4150c22\" data-element_type=\"column\">\n\t\t\t<div class=\"elementor-widget-wrap elementor-element-populated\">\n\t\t\t\t\t\t<div class=\"elementor-element elementor-element-d1027ca elementor-widget elementor-widget-wpc-page-children\" data-id=\"d1027ca\" data-element_type=\"widget\" data-widget_type=\"wpc-page-children.default\">\n\t\t\t\t<div class=\"elementor-widget-container\">\n\t\t\t\t\t\n\t\t\t<div class=\"child-page-wrapper\">\n\t\t<div class=\"grid-wrapper grid-3-columns grid-row \">\n\t\t\t<div class=\"grid-item grid-sm-6 grid-md-4\">\n\t\t\t\t<div class=\"grid-thumbnail\">\n\t\t\t\t\t<a href=\"https:\/\/www.apconcrete.com\/fr\/nos-services\/aluminum-railings\/\" title=\"Rampes d\u2019aluminium\"><img fetchpriority=\"high\" decoding=\"async\" width=\"600\" height=\"300\" src=\"https:\/\/www.apconcrete.com\/NewSite\/wp-content\/uploads\/2022\/06\/IMG_4097-600x300.jpg\" class=\"attachment-medium-thumb size-medium-thumb wp-post-image\" alt=\"\" srcset=\"https:\/\/www.apconcrete.com\/NewSite\/wp-content\/uploads\/2022\/06\/IMG_4097-600x300.jpg 600w, https:\/\/www.apconcrete.com\/NewSite\/wp-content\/uploads\/2022\/06\/IMG_4097-400x200.jpg 400w, https:\/\/www.apconcrete.com\/NewSite\/wp-content\/uploads\/2022\/06\/IMG_4097-800x400.jpg 800w\" sizes=\"(max-width: 600px) 100vw, 600px\" \/><\/a>\n\t\t\t\t<\/div>\n\t\t\t\t<h3 class=\"grid-title\"><a href=\"https:\/\/www.apconcrete.com\/fr\/nos-services\/aluminum-railings\/\" rel=\"bookmark\">Rampes d\u2019aluminium<\/a><\/h3>\n\n\t\t\t\t<p>Les rampes en aluminium offrent une s\u00e9curit\u00e9 et un style pratiques \u00e0 n'importe quelle marche, escalier ou plate-forme.<\/p>\n\n\t\t\t\t<a class=\"grid-more\" href=\"https:\/\/www.apconcrete.com\/fr\/nos-services\/aluminum-railings\/\" title=\"Rampes d\u2019aluminium\">Voir les d\u00e9tails<\/a>\n\n\t\t\t<\/div>\n\t\t\t\n\t\t\t<div class=\"grid-item grid-sm-6 grid-md-4\">\n\t\t\t\t<div class=\"grid-thumbnail\">\n\t\t\t\t\t<a href=\"https:\/\/www.apconcrete.com\/fr\/nos-services\/terrasses-beton\/\" title=\"Terrasses en b\u00e9ton\"><img decoding=\"async\" width=\"600\" height=\"300\" src=\"https:\/\/www.apconcrete.com\/NewSite\/wp-content\/uploads\/2022\/06\/07-1-600x300.jpg\" class=\"attachment-medium-thumb size-medium-thumb wp-post-image\" alt=\"\" srcset=\"https:\/\/www.apconcrete.com\/NewSite\/wp-content\/uploads\/2022\/06\/07-1-600x300.jpg 600w, https:\/\/www.apconcrete.com\/NewSite\/wp-content\/uploads\/2022\/06\/07-1-400x200.jpg 400w, https:\/\/www.apconcrete.com\/NewSite\/wp-content\/uploads\/2022\/06\/07-1-800x400.jpg 800w\" sizes=\"(max-width: 600px) 100vw, 600px\" \/><\/a>\n\t\t\t\t<\/div>\n\t\t\t\t<h3 class=\"grid-title\"><a href=\"https:\/\/www.apconcrete.com\/fr\/nos-services\/terrasses-beton\/\" rel=\"bookmark\">Terrasses en b\u00e9ton<\/a><\/h3>\n\n\t\t\t\t<p>La solidit\u00e9 et pratiquement aucun entretien font de nos terrasses en b\u00e9ton le choix id\u00e9al pour votre maison.<\/p>\n\n\t\t\t\t<a class=\"grid-more\" href=\"https:\/\/www.apconcrete.com\/fr\/nos-services\/terrasses-beton\/\" title=\"Terrasses en b\u00e9ton\">Voir les d\u00e9tails<\/a>\n\n\t\t\t<\/div>\n\t\t\t\n\t\t\t<div class=\"grid-item grid-sm-6 grid-md-4\">\n\t\t\t\t<div class=\"grid-thumbnail\">\n\t\t\t\t\t<a href=\"https:\/\/www.apconcrete.com\/fr\/nos-services\/fosses-sceptiques-et-barrieres\/\" title=\"Fosses sceptiques et barri\u00e8res\"><img decoding=\"async\" width=\"600\" height=\"300\" src=\"https:\/\/www.apconcrete.com\/NewSite\/wp-content\/uploads\/2022\/06\/IMG_4355SS-600x300.jpg\" class=\"attachment-medium-thumb size-medium-thumb wp-post-image\" alt=\"\" srcset=\"https:\/\/www.apconcrete.com\/NewSite\/wp-content\/uploads\/2022\/06\/IMG_4355SS-600x300.jpg 600w, https:\/\/www.apconcrete.com\/NewSite\/wp-content\/uploads\/2022\/06\/IMG_4355SS-400x200.jpg 400w, https:\/\/www.apconcrete.com\/NewSite\/wp-content\/uploads\/2022\/06\/IMG_4355SS-800x400.jpg 800w\" sizes=\"(max-width: 600px) 100vw, 600px\" \/><\/a>\n\t\t\t\t<\/div>\n\t\t\t\t<h3 class=\"grid-title\"><a href=\"https:\/\/www.apconcrete.com\/fr\/nos-services\/fosses-sceptiques-et-barrieres\/\" rel=\"bookmark\">Fosses sceptiques et barri\u00e8res<\/a><\/h3>\n\n\t\t\t\t<p>Nous concevons et fabriquons des fosses septiques et des barri\u00e8res routi\u00e8res de diff\u00e9rentes tailles.<\/p>\n\n\t\t\t\t<a class=\"grid-more\" href=\"https:\/\/www.apconcrete.com\/fr\/nos-services\/fosses-sceptiques-et-barrieres\/\" title=\"Fosses sceptiques et barri\u00e8res\">Voir les d\u00e9tails<\/a>\n\n\t\t\t<\/div>\n\t\t\t\n\t\t\t\t<div class=\"clear\"><\/div>\n\t\t\t<div class=\"grid-item grid-sm-6 grid-md-4\">\n\t\t\t\t<div class=\"grid-thumbnail\">\n\t\t\t\t\t<a href=\"https:\/\/www.apconcrete.com\/fr\/nos-services\/beton-architectural\/\" title=\"B\u00e9ton architectural\"><img loading=\"lazy\" decoding=\"async\" width=\"600\" height=\"300\" src=\"https:\/\/www.apconcrete.com\/NewSite\/wp-content\/uploads\/2022\/06\/halifax-post-office-1-600x300.jpg\" class=\"attachment-medium-thumb size-medium-thumb wp-post-image\" alt=\"\" srcset=\"https:\/\/www.apconcrete.com\/NewSite\/wp-content\/uploads\/2022\/06\/halifax-post-office-1-600x300.jpg 600w, https:\/\/www.apconcrete.com\/NewSite\/wp-content\/uploads\/2022\/06\/halifax-post-office-1-400x200.jpg 400w, https:\/\/www.apconcrete.com\/NewSite\/wp-content\/uploads\/2022\/06\/halifax-post-office-1-800x400.jpg 800w\" sizes=\"(max-width: 600px) 100vw, 600px\" \/><\/a>\n\t\t\t\t<\/div>\n\t\t\t\t<h3 class=\"grid-title\"><a href=\"https:\/\/www.apconcrete.com\/fr\/nos-services\/beton-architectural\/\" rel=\"bookmark\">B\u00e9ton architectural<\/a><\/h3>\n\n\t\t\t\t<p>Un bel aspect et une grande durabilit\u00e9 sont \u00e0 attendre de notre b\u00e9ton architectural.<\/p>\n\n\t\t\t\t<a class=\"grid-more\" href=\"https:\/\/www.apconcrete.com\/fr\/nos-services\/beton-architectural\/\" title=\"B\u00e9ton architectural\">Voir les d\u00e9tails<\/a>\n\n\t\t\t<\/div>\n\t\t\t\n\t\t\t<div class=\"grid-item grid-sm-6 grid-md-4\">\n\t\t\t\t<div class=\"grid-thumbnail\">\n\t\t\t\t\t<a href=\"https:\/\/www.apconcrete.com\/fr\/nos-services\/marches-beton\/\" title=\"Marches de b\u00e9ton\"><img loading=\"lazy\" decoding=\"async\" width=\"600\" height=\"300\" src=\"https:\/\/www.apconcrete.com\/NewSite\/wp-content\/uploads\/2022\/06\/IMG_4115-1-600x300.jpg\" class=\"attachment-medium-thumb size-medium-thumb wp-post-image\" alt=\"\" srcset=\"https:\/\/www.apconcrete.com\/NewSite\/wp-content\/uploads\/2022\/06\/IMG_4115-1-600x300.jpg 600w, https:\/\/www.apconcrete.com\/NewSite\/wp-content\/uploads\/2022\/06\/IMG_4115-1-400x200.jpg 400w, https:\/\/www.apconcrete.com\/NewSite\/wp-content\/uploads\/2022\/06\/IMG_4115-1-800x400.jpg 800w\" sizes=\"(max-width: 600px) 100vw, 600px\" \/><\/a>\n\t\t\t\t<\/div>\n\t\t\t\t<h3 class=\"grid-title\"><a href=\"https:\/\/www.apconcrete.com\/fr\/nos-services\/marches-beton\/\" rel=\"bookmark\">Marches de b\u00e9ton<\/a><\/h3>\n\n\t\t\t\t<p>L'esth\u00e9tique et la durabilit\u00e9 rencontrent la fonction dans notre gamme de marches en b\u00e9ton.<\/p>\n\n\t\t\t\t<a class=\"grid-more\" href=\"https:\/\/www.apconcrete.com\/fr\/nos-services\/marches-beton\/\" title=\"Marches de b\u00e9ton\">Voir les d\u00e9tails<\/a>\n\n\t\t\t<\/div>\n\t\t\t\n\t\t\t<div class=\"grid-item grid-sm-6 grid-md-4\">\n\t\t\t\t<div class=\"grid-thumbnail\">\n\t\t\t\t\t<a href=\"https:\/\/www.apconcrete.com\/fr\/nos-services\/rampes-beton\/\" title=\"Rampes en b\u00e9ton\"><img loading=\"lazy\" decoding=\"async\" width=\"600\" height=\"300\" src=\"https:\/\/www.apconcrete.com\/NewSite\/wp-content\/uploads\/2022\/06\/IMG_0536ss2-600x300.jpg\" class=\"attachment-medium-thumb size-medium-thumb wp-post-image\" alt=\"\" srcset=\"https:\/\/www.apconcrete.com\/NewSite\/wp-content\/uploads\/2022\/06\/IMG_0536ss2-600x300.jpg 600w, https:\/\/www.apconcrete.com\/NewSite\/wp-content\/uploads\/2022\/06\/IMG_0536ss2-400x200.jpg 400w, https:\/\/www.apconcrete.com\/NewSite\/wp-content\/uploads\/2022\/06\/IMG_0536ss2-800x400.jpg 800w\" sizes=\"(max-width: 600px) 100vw, 600px\" \/><\/a>\n\t\t\t\t<\/div>\n\t\t\t\t<h3 class=\"grid-title\"><a href=\"https:\/\/www.apconcrete.com\/fr\/nos-services\/rampes-beton\/\" rel=\"bookmark\">Rampes en b\u00e9ton<\/a><\/h3>\n\n\t\t\t\t<p>S\u00e9curit\u00e9 pratique et acc\u00e8s facile pour les personnes handicap\u00e9es.<\/p>\n\n\t\t\t\t<a class=\"grid-more\" href=\"https:\/\/www.apconcrete.com\/fr\/nos-services\/rampes-beton\/\" title=\"Rampes en b\u00e9ton\">Voir les d\u00e9tails<\/a>\n\n\t\t\t<\/div>\n\t\t\t\n\t\t\t\t<div class=\"clear\"><\/div>\n\t\t<\/div>\n\t\t\t<\/div>\t\t\t\t<\/div>\n\t\t\t\t<\/div>\n\t\t\t\t\t<\/div>\n\t\t<\/div>\n\t\t\t\t\t<\/div>\n\t\t<\/section>\n\t\t\t\t<\/div>\n\t\t","protected":false},"excerpt":{"rendered":"<p>Rampes d\u2019aluminium Les rampes en aluminium offrent une s\u00e9curit\u00e9 et un style pratiques \u00e0 n&#8217;importe quelle marche, escalier ou plate-forme. Voir &#8230;<\/p>\n","protected":false},"author":1,"featured_media":0,"parent":0,"menu_order":0,"comment_status":"open","ping_status":"open","template":"","meta":{"_monsterinsights_skip_tracking":false,"_monsterinsights_sitenote_active":false,"_monsterinsights_sitenote_note":"","_monsterinsights_sitenote_category":0,"footnotes":""},"class_list":["post-2236","page","type-page","status-publish","hentry"],"aioseo_notices":[],"_links":{"self":[{"href":"https:\/\/www.apconcrete.com\/fr\/wp-json\/wp\/v2\/pages\/2236","targetHints":{"allow":["GET"]}}],"collection":[{"href":"https:\/\/www.apconcrete.com\/fr\/wp-json\/wp\/v2\/pages"}],"about":[{"href":"https:\/\/www.apconcrete.com\/fr\/wp-json\/wp\/v2\/types\/page"}],"author":[{"embeddable":true,"href":"https:\/\/www.apconcrete.com\/fr\/wp-json\/wp\/v2\/users\/1"}],"replies":[{"embeddable":true,"href":"https:\/\/www.apconcrete.com\/fr\/wp-json\/wp\/v2\/comments?post=2236"}],"version-history":[{"count":11,"href":"https:\/\/www.apconcrete.com\/fr\/wp-json\/wp\/v2\/pages\/2236\/revisions"}],"predecessor-version":[{"id":2378,"href":"https:\/\/www.apconcrete.com\/fr\/wp-json\/wp\/v2\/pages\/2236\/revisions\/2378"}],"wp:attachment":[{"href":"https:\/\/www.apconcrete.com\/fr\/wp-json\/wp\/v2\/media?parent=2236"}],"curies":[{"name":"wp","href":"https:\/\/api.w.org\/{rel}","templated":true}]}}